{"id":447,"date":"2016-04-13T17:40:17","date_gmt":"2016-04-13T15:40:17","guid":{"rendered":"http:\/\/mm.double-a-design.de\/wordpress\/?page_id=447"},"modified":"2025-07-28T15:29:23","modified_gmt":"2025-07-28T13:29:23","slug":"referenzen","status":"publish","type":"page","link":"https:\/\/mickandmusic.de\/wordpress\/referenzen\/","title":{"rendered":"Referenzen"},"content":{"rendered":"<p>[vc_row][vc_column][vc_column_text]Im Folgenden finden Sie eine Liste von Referenzen, wohin wir unsere K\u00fcnstler in den letzten Jahren vermittelt haben.<\/p>\n<p>Sehen Sie es uns bitte nach, wenn diese Liste vielleicht nicht ganz vollst\u00e4ndig ist \u2013 schlie\u00dflich stehen bei uns Kunde und K\u00fcnstler deutlich vor einer Selbstbeweihr\u00e4ucherung im www.[\/vc_column_text][vc_tta_accordion active_section=&#8220;99&#8243; collapsible_all=&#8220;true&#8220;][vc_tta_section title=&#8220;Locations\/Hallen\/Hotels&#8220; tab_id=&#8220;1460561705738-386a4f61-ad65&#8243;][vc_column_text]Abaco Stockelsdorf<br \/>\nAdagio Berlin<br \/>\nAlsterpavillon Hamburg<br \/>\nAlte B\u00f6rse Hamburg<br \/>\nAlte Hagenbeck\u00b4sche Dressurhalle Hamburg<br \/>\nAlte Post &#8211; Sortierhalle Hamburg<br \/>\nAlter u. Neuer Kursaal Westerland\/Sylt<br \/>\nAltonaer Fischauktionshalle<br \/>\nArcaden Center Zwickau<br \/>\nBahnhof Leinhausen<br \/>\nBallsporthalle Frankfurt\/M.<br \/>\nBrose Arena Bamberg<br \/>\nBurg K\u00f6nigsworth Hannover<br \/>\nCapitol Paderborn<br \/>\nCapitol Theater Offenbach\/Main<br \/>\nCharlottenhof Klanxb\u00fcll<br \/>\nChateau Royal Hannover<br \/>\nCongress Center D\u00fcsseldorf<br \/>\nCongress Centrum Damp<br \/>\nCruise Center Hamburg-Altona<br \/>\nDeutsches Haus Flensburg<br \/>\nDeutsches Schifffahrtsmuseum Bremerhaven<br \/>\nDocks Hamburg<br \/>\nEbertbad Oberhausen<br \/>\nEhemaliges Hauptzollamt Hamburg<br \/>\nEilenriedehalle Congress Centrum Hannover<br \/>\nEisbach Filmstudios M\u00fcnchen<br \/>\nElbpanorama Hamburg<br \/>\nEmporio Hamburg<br \/>\nEmsgalerie Rheine<br \/>\nETC-Eissporthalle Timmendorfer Strand<br \/>\nFabrik Hamburg<br \/>\nFelix Berlin<br \/>\nFlora-Ballsaal Bielefeld<br \/>\nFlughafen D\u00fcsseldorf<br \/>\nFlugplatz Neuhardenberg<br \/>\nF\u00fcrst Stollberg H\u00fctte Ilsenburg<br \/>\nGolfclub Gut Beusloe Neustadt<br \/>\nGro\u00dfflottbecker Tennis-, Hockey- und Golf-Club<br \/>\nGut Oestergaard Steinberg<br \/>\nHandelskammer Hamburg<br \/>\nHanns-Martin-Schleyer-Halle Stuttgart<br \/>\nHefeHof Hameln<br \/>\nHeimathaus Twist<br \/>\nHohes Arsenal Rendsburg<br \/>\nHotel A-ROSA Sylt<br \/>\nHotel Atlantic Galopprennbahn Bremen<br \/>\nHotel Atlantic Grand Hotel Bremen<br \/>\nHotel Atlantic Sail City Bremerhaven<br \/>\nHotel Atlantic Kempinski Hamburg<br \/>\nHotel Columbia Travem\u00fcnde<br \/>\nHotel Dorinth Resort &amp; Spa Bad B\u00fcckeburg<br \/>\nHotel Grand Elys\u00e9e Hamburg<br \/>\nHotel Grand Hotel Heiligendamm<br \/>\nHotel Hilton Dresden<br \/>\nHotel Hyatt Regency Mainz<br \/>\nHotel Intermar Ostseehotel Gl\u00fccksburg<br \/>\nHotel Lindtner Hamburg<br \/>\nHotel Maritim Bonn<br \/>\nHotel M\u00f6venpick L\u00fcbeck<br \/>\nHotel pentahotel Leipzig<br \/>\nHotel Radisson Blu Breslau\/Polen<br \/>\nHotel Sauerlandstern Willingen<br \/>\nHotel Seminaris Bad Honnef<br \/>\nHotel Steigenberger Hamburg<br \/>\nHotel Steigenberger Parkhotel D\u00fcsseldorf<br \/>\nHotel The Best Western Leipzig<br \/>\nHotel The Charles Hotel M\u00fcnchen<br \/>\nHusums Brauhaus Husum<br \/>\nIGA Parkb\u00fchne Rostock<br \/>\nJagdhaus Schweinehof Wacken<br \/>\nJahnhalle Nordenham<br \/>\nJAKO-ARENA Bamberg<br \/>\nJensens Lagerhaus Hamburg<br \/>\nJugendstil Festhalle Landau<br \/>\nKehrwieder Theater Hamburg<br \/>\nKleines Theater am Markt Wahlstedt<br \/>\nKugelbake-Halle Cuxhaven<br \/>\nKulturhaus Pritzwalk<br \/>\nKulturwerk am See Norderstedt<br \/>\nKursaal3 Wenningstedt\/Sylt<br \/>\nLandgut A. Borsig Nauen<br \/>\nLetensky Zamecek Prag\/Tschechien<br \/>\nLogo Hamburg<br \/>\nMarktplatz Galerie Hamburg-Bramfeld<br \/>\nMAX Kiel<br \/>\nMississippi Queen Hamburg<br \/>\nMS Cap San Diego Hamburg<br \/>\nMusic Hall Worpswede<br \/>\nNiedersachsenhalle Verden\/Aller<br \/>\nNordseeCongressCentrum Husum<br \/>\nOCE EventCenter M\u00fcnchen<br \/>\nOlympia Halle Innsbruck<br \/>\nOpernhaus Kiel<br \/>\nPalladium K\u00f6ln<br \/>\nPhilharmonie Essen<br \/>\nPh\u00f6nix-Halle Mainz<br \/>\nPumpwerk Wilhelmshaven<br \/>\nReithalle im B\u00fcrgerpark Wismar<br \/>\nRheinisches Industrie Museum Oberhausen<br \/>\nRuhrfestspielhaus Recklinghausen<br \/>\nSchaufenster Fischereihafen Bremerhaven<br \/>\nSchauspielhaus Hamburg<br \/>\nSchloss Hugenpoet Essen<br \/>\nSchloss Montabour<br \/>\nSchloss Velden \u00d6sterreich<br \/>\nSchlossremise B\u00fcckeburg<br \/>\nSt. Spiritus Greifswald<br \/>\nStadthalle Bremerhaven<br \/>\nStadthalle G\u00fctersloh<br \/>\nStadthalle Karlsruhe<br \/>\nStadthalle Osnabr\u00fcck<br \/>\nStadthalle Wolfsburg<br \/>\nStadtwaldhaus Krefeld<br \/>\nStarclub Oberhausen<br \/>\nStrelapark Stralsund<br \/>\nTibarg Center Hamburg<br \/>\nTrabrennbahn Gelsenkirchen<br \/>\nTriB\u00fchne Norderstedt<br \/>\nVilla Rheinperle Duisburg<br \/>\nVolkswagen Halle Braunschweig<br \/>\nWackinger Wacken<br \/>\nWasserschloss H\u00fclsede<br \/>\nWerretalhalle L\u00f6hne<br \/>\nWolkenburg K\u00f6ln<br \/>\nZollenspieker F\u00e4hrhaus Hamburg<br \/>\nZur Post Wacken<br \/>\n[\/vc_column_text][\/vc_tta_section][vc_tta_section title=&#8220;Events\/Messen\/Stadtfeste&#8220; tab_id=&#8220;1460561705811-9681f1e2-9cbc&#8220;][vc_column_text]Alstervergn\u00fcgen Hamburg<br \/>\nAltonale Hamburg<br \/>\nAltstadtfest Haldensleben<br \/>\nAltstadtfest M\u00f6lln<br \/>\nAltstadtfest Salzgitter<br \/>\nAltstadtfest Stade<br \/>\nBall Tropical Neum\u00fcnster<br \/>\nBaltic Conference L\u00fcbeck<br \/>\nBarther Segel- und Hafentage<br \/>\nBeatclub-Festival Greven<br \/>\nBremer Freimarkt<br \/>\nBritish Day Hamburg<br \/>\nBundesgartenschau Hockenheim<br \/>\nBundesgartenschau Norderstedt<br \/>\nBuLaRe Hamburg<br \/>\nCeBIT Hannover<br \/>\nCeMat Hannover<br \/>\nDahmer Oldietage<br \/>\nDe Wolfsberg Tributeparty Groesbeek\/Niederlande<br \/>\nDorffest Wacken<br \/>\nEmsfestival Rheine<br \/>\nEXPO 2000 Hannover<br \/>\nFehmarn open air<br \/>\nGERRY WEBER OPEN Halle\/Westfalen (2016\/2017\/2018)<br \/>\nGl\u00fcckst\u00e4dter Matjeswochen<br \/>\nHafenfest M\u00fcnster<br \/>\nHafenfest Stralsund<br \/>\nHafenfesttage Heiligenhafen<br \/>\nHafenspektakel Bremerhaven<br \/>\nHansefest Salzwedel<br \/>\nHansefest Stade<br \/>\nHanse Sail Rostock<br \/>\nHardenberg Burgturnier N\u00f6rten-Hardenberg<br \/>\nHeidebl\u00fctenfest Schneverdingen<br \/>\nHUSCH-Ball M\u00fcnsterlandhalle<br \/>\nHusumer Hafentage<br \/>\nJ\u00fcbek open air<br \/>\nKieler Woche<br \/>\nLange Schwenninger Kulturnacht Villingen<br \/>\nLeinewebermarkt Bielefeld<br \/>\nMaiwoche Osnabr\u00fcck<br \/>\nMaschseefest Hannover<br \/>\nMatjeswoche Gl\u00fcckstadt<br \/>\nMESSE ESSEN GmbH<br \/>\nNacht der Clubs Hamburg<br \/>\nNDR-Sommertour 2011\/2012:<br \/>\n(Barth, Wittenburg, Neubrandenburg,<br \/>\nPasewalk. Anklam)<br \/>\nNDR-Sommertour 2019:<br \/>\n(Satow, Stralsund, Neubrandenburg,<br \/>\nParchim, Wismar, Pasewalk)<br \/>\nParkfestival Bad Lippspringe<br \/>\nNew Street Parade Celle<br \/>\nNOK Cup Rendsburg<br \/>\nNORDROCK open air Bremerhaven<br \/>\nOldienight Sch\u00fcttorf<br \/>\nOktoberfest Wuppertal<br \/>\nOstsee in Flamen Gr\u00f6mitz<br \/>\nPritzwalker Festtage<br \/>\nQueen Mary 2 Day Hamburg<br \/>\nRathausfest Magdeburg<br \/>\nSch\u00fctzenfest Hannover<br \/>\nSail Bremerhaven<br \/>\nSalz- und Lichterfest Bad Harzburg<br \/>\nSpektakulum Norderstedt<br \/>\nStadtfest Aurich<br \/>\nStadtfest Bad Oldesloe<br \/>\nStadtfest Bergedorf<br \/>\nStadtfest Bramsche<br \/>\nStadtfest Fritzlar<br \/>\nStadtfest Geldern<br \/>\nStadtfest Gelsenkirchen<br \/>\nStadtfest Grimma<br \/>\nStadtfest Hamm<br \/>\nStadtfest Kassel<br \/>\nStadtfest Leipzig<br \/>\nStadtfest Ro\u00dfwein<br \/>\nStadtfest Villingen-Schwenningen<br \/>\nStadtfest Wolfsburg<br \/>\nStadtfest Zwickau<br \/>\nSuperSail Gr\u00f6mitz<br \/>\nTravem\u00fcnder Woche<br \/>\nTag der Sachsen Zittau<br \/>\nWeyhe Total Weyhe<br \/>\nWismarer Hafentage<br \/>\nWindmesse Husum<br \/>\nWolters Hoffest Braunschweig<br \/>\nWochenende an der Jade Wilhelmshaven[\/vc_column_text][\/vc_tta_section][vc_tta_section title=&#8220;Firmen&#8220; tab_id=&#8220;1460562081259-c7128cc6-2dc1&#8243;][vc_column_text]Akzo Nobel Deutschland<br \/>\nAudi<br \/>\nAutohaus Brandt GmbH Weyhe<br \/>\nBayersdorf AG Hamburg<br \/>\nBMW<br \/>\nBOGDOL Verwaltungs- und Immobilien GmbH Hamburg<br \/>\nBREMI Fahrzeug-Elektrik GmbH &amp; Co. KG D\u00f6mitz<br \/>\nBMD Bundesverband der Medien- und Dienstleistungsh\u00e4ndler Berlin<br \/>\ncash4kids Freddy Fischer Stiftung<br \/>\nCOMET Feuerwerk GmbH Bremerhaven<br \/>\nData-Service GmbH Stockelsdorf<br \/>\nDegussa AG Essen<br \/>\nDerby Cycle Werke GmbH Cloppenburg<br \/>\nDeutsche Bergbau-Technik GmbH L\u00fcnen<br \/>\nDeutsche Steinkohle AG Duisburg<br \/>\nDeutsche Telekom AG<br \/>\nd-i david international-hische GmbH Sulingen<br \/>\nDonner &amp; Reuschel Hamburg<br \/>\nEGGER Holzwerkstoffe Europawerk Wismar<br \/>\nEnBW Stuttgart<br \/>\nEnertrag AG Dauerthal<br \/>\nEvonik Industries AG Essen<br \/>\nEVO Energieversorgung Oberhausen AG<br \/>\nEXPERT Bening GmbH &amp; Co. KG Cuxhaven<br \/>\nFTI Touristik GmbH M\u00fcnchen<br \/>\nF\u00f6rde Sparkasse Kiel<br \/>\nG. Pohl-Bosskamp GmbH &amp; Co. KG Hohenlockstedt<br \/>\nGeorg C. Hansen GmbH &amp; Co. KG Flensburg<br \/>\nGERRY WEBER Halle\/Westfalen<br \/>\nGetr\u00e4nke Tadsen GmbH Husum<br \/>\nHamburg Messe und Congress GmbH<br \/>\nHanseYachts AG Greifswald<br \/>\nHardenberg-Wilthen AG<br \/>\nHarley Davidson<br \/>\nHELIOS Kliniken GmbH<br \/>\nHerbalife International Deutschland GmbH<br \/>\nHHLA Hamburger Hafen und Logistik AG<br \/>\nIKEA (Villesse\/Italien, Mailand\/Italien)<br \/>\nICS Festival Service GmbH (Wacken Open Air)<br \/>\nIntan Media-Service GmbH Osnabr\u00fcck<br \/>\njunited AUTOGLAS Deutschland GmbH K\u00f6ln<br \/>\nKarstadt AG<br \/>\nKeune &amp; Lauber GmbH Bad Berleburg<br \/>\nKieler Yachtclub e.V.<br \/>\nL\u00fcrssen Kr\u00f6ger Werft GmbH &amp; Co. KG Schacht-Audorf<br \/>\nMaK Data System Kiel GmbH<br \/>\nMalteser Norddeutschland gGmbH<br \/>\nM-Back GmbH Gebesee<br \/>\nMicrosoft Corporation<br \/>\nMobilcom GmbH<br \/>\nModehaus Stackmann Buxtehude<br \/>\nM\u00f6bel Kraft AG Bad Segeberg<br \/>\nM\u00f6bel Schulenburg (Halstenbek, Wentorf, Bremen)<br \/>\nM\u00fcnsterl\u00e4ndische Medien Service GmbH &amp; Co. KG<br \/>\nN\u00e4hr-Engel GmbH Goch<br \/>\nNetwork TwentyOne Systemsupport GmbH \u00d6sterreich<br \/>\nNikosax A\/S Padborg\/D\u00e4nemark<br \/>\nNorddeutsche Affinerie AG Hamburg<br \/>\nNorddeutscher Regatta Verein Hamburg<br \/>\nOldesloer\/August Ernst GmbH &amp; Co. KG<br \/>\nOlympus Europa GmbH Hamburg<br \/>\nPaul Schockem\u00f6hle Hengsthaltung GmbH<br \/>\nproWIN Winter GmbH Illingen<br \/>\nP&amp;O Nedlloyd Reederei<br \/>\nRAG Aktiengesellschaft Essen<br \/>\nRenault<br \/>\nR\u00f6hn AG Darmstadt<br \/>\nStadtwerke Hilden GmbH<br \/>\nSTEAG Essen<br \/>\nStill GmbH Hamburg<br \/>\nTchibo GmbH Hamburg<br \/>\nTeam Baucenter GmbH &amp; Co. KG Wanderup<br \/>\nTejo Wohnwelt GmbH Goslar<br \/>\nTesa SE Hamburg<br \/>\nThyssen Krupp Presta Ilsenburg GmbH<br \/>\nTobit.Software Ahaus<br \/>\nTSBW Husum<br \/>\nTT-Line GmbH &amp; Co Reederei L\u00fcbeck-Travem\u00fcnde<br \/>\nVollbrecht+Pohl KG Rendsburg<br \/>\nVolkswagen (Wolfsburg, Kassel, Athen, Edinburgh)<br \/>\nVolvo<br \/>\nVorwerk &amp; Co. KG Wuppertal<br \/>\nWiesmann Manufaktur D\u00fclmen[\/vc_column_text][\/vc_tta_section][vc_tta_section title=&#8220;Banken\/Versicherungen&#8220; tab_id=&#8220;1460562154401-718fa4bb-9bfc&#8220;][vc_column_text]BHF Bank AG Frankfurt\/M.<br \/>\nDG Bank Hannover<br \/>\nDresdner Bank AG<br \/>\nERGO Versicherungsgruppe AG<br \/>\nF\u00f6rde Sparkasse<br \/>\nHamburg-Mannheimer Versicherung<br \/>\nHMI-Organisation Hannover<br \/>\nKRAVAG Versicherung Hamburg<br \/>\nNord-Ostsee Sparkasse (Nospa)<br \/>\nProvinzial Versicherungen<br \/>\nR+V Versicherung AG Wiesbaden<br \/>\nSparda-Bank Hamburg eG<br \/>\nSparkasse Bremerhaven<br \/>\nSparkasse Gelsenkirchen<br \/>\nSparkasse Ostholstein<br \/>\nUnion Investment GmbH Frankfurt\/M.<br \/>\nVolksbank Bielefeld<br \/>\nVolksf\u00fcrsorge Versicherung<br \/>\nZeus Gruppe[\/vc_column_text][\/vc_tta_section][vc_tta_section title=&#8220;Sender&#8220; tab_id=&#8220;1460562220087-5589e556-7377&#8243;][vc_column_text]Alster Radio<br \/>\nAntenne M\u00fcnster<br \/>\nAntenne M-V<br \/>\nNDR 1<br \/>\nNDR 2<br \/>\nNDR 90,3<br \/>\nN-Joy Radio<br \/>\nOffener Kanal Osnabr\u00fcck<br \/>\nOstseewelle<br \/>\nR.SH<br \/>\nRadio 21 &#8211; Der neue Rocksender<br \/>\nRadio Bielefeld<br \/>\nRadio Hamburg<br \/>\nRadio Hochstift<br \/>\nRadio Lippe<br \/>\nRadio NORA<br \/>\nRadio NRW<br \/>\nRadio RST<br \/>\nRadio WMW[\/vc_column_text][\/vc_tta_section][vc_tta_section title=&#8220;Brauereien&#8220; tab_id=&#8220;1460562265409-24508fc4-7c33&#8243;][vc_column_text]Brauhaus Nolte L\u00fcneburg<br \/>\nFeldschl\u00f6\u00dfchen Brauerei<br \/>\nFlensburger Brauerei<br \/>\nHerrenh\u00e4user Brauerei Hannover<br \/>\nHolsten Brauerei Hamburg<br \/>\nRostocker Brauerei<br \/>\nSchaumburger Brauerei<br \/>\nStralsunder Brauerei<br \/>\nWolters Brauerei[\/vc_column_text][\/vc_tta_section][vc_tta_section title=&#8220;Sonstige&#8220; tab_id=&#8220;1460562335047-0b49986b-0627&#8243;][vc_column_text]Bagaluten Wiehnacht mit Torfrock<br \/>\nFH Bremen<br \/>\nFH Hannover<br \/>\nFH Kiel<br \/>\nLionsclub Bad Oldesloe<br \/>\nLionsclub Neustadt i. H.<br \/>\nPH Kiel<br \/>\nRound Table Malente\/Eutin<br \/>\nRound Table Rendsburg<br \/>\nUni Hamburg<br \/>\nUni Oldenburg i. O.<br \/>\nWirtschaftsjunioren Deutschland[\/vc_column_text][\/vc_tta_section][\/vc_tta_accordion][\/vc_column][\/vc_row]<\/p>\n","protected":false},"excerpt":{"rendered":"<p>[vc_row][vc_column][vc_column_text]Im Folgenden finden Sie eine Liste von Referenzen, wohin wir unsere K\u00fcnstler in den letzten Jahren vermittelt haben. Sehen Sie es uns bitte nach, wenn&hellip;<\/p>\n<p><a href=\"https:\/\/mickandmusic.de\/wordpress\/referenzen\/\" class=\"more-link post-excerpt-readmore\"><span class=\"more-link-inner\">Read more<\/span><span class=\"more-link-brd\"><\/span><\/a><\/p>\n","protected":false},"author":1,"featured_media":0,"parent":0,"menu_order":0,"comment_status":"closed","ping_status":"closed","template":"","meta":{"footnotes":""},"class_list":["post-447","page","type-page","status-publish","hentry"],"aioseo_notices":[],"_links":{"self":[{"href":"https:\/\/mickandmusic.de\/wordpress\/wp-json\/wp\/v2\/pages\/447","targetHints":{"allow":["GET"]}}],"collection":[{"href":"https:\/\/mickandmusic.de\/wordpress\/wp-json\/wp\/v2\/pages"}],"about":[{"href":"https:\/\/mickandmusic.de\/wordpress\/wp-json\/wp\/v2\/types\/page"}],"author":[{"embeddable":true,"href":"https:\/\/mickandmusic.de\/wordpress\/wp-json\/wp\/v2\/users\/1"}],"replies":[{"embeddable":true,"href":"https:\/\/mickandmusic.de\/wordpress\/wp-json\/wp\/v2\/comments?post=447"}],"version-history":[{"count":18,"href":"https:\/\/mickandmusic.de\/wordpress\/wp-json\/wp\/v2\/pages\/447\/revisions"}],"predecessor-version":[{"id":5221,"href":"https:\/\/mickandmusic.de\/wordpress\/wp-json\/wp\/v2\/pages\/447\/revisions\/5221"}],"wp:attachment":[{"href":"https:\/\/mickandmusic.de\/wordpress\/wp-json\/wp\/v2\/media?parent=447"}],"curies":[{"name":"wp","href":"https:\/\/api.w.org\/{rel}","templated":true}]}}