{"id":375,"date":"2016-04-13T15:30:28","date_gmt":"2016-04-13T13:30:28","guid":{"rendered":"http:\/\/mm.double-a-design.de\/wordpress\/?page_id=375"},"modified":"2016-04-13T16:10:08","modified_gmt":"2016-04-13T14:10:08","slug":"ueber-mick-and-music","status":"publish","type":"page","link":"https:\/\/mickandmusic.de\/wordpress\/ueber-mick-and-music\/","title":{"rendered":"\u00fcber \u201emick and music\u201c"},"content":{"rendered":"<p>[vc_row][vc_column][vc_column_text]<\/p>\n<h2>&#8222;mick and music&#8220; ist die Full-Service K\u00fcnstleragentur aus dem Norden f\u00fcr die B\u00fchnen in ganz Deutschland.<\/h2>\n<p>Wir vermitteln Topacts, Coverbands und Solisten f\u00fcr jeden musikalischen Geschmack und jede Art von Veranstaltung, K\u00fcnstler aus den Bereichen Comedy und Kleinkunst sowie Diskjockeys. Dar\u00fcber hinaus stehen wir Ihnen in allen Fragen rund um Ihre Veranstaltung mit Rat und Tat zuverl\u00e4ssig zur Seite: von der B\u00fchnen-, Licht- und Tontechnik \u00fcber die Locationauswahl bis hin zum Feuerwerk.<\/p>\n<p>Unsere Aufgabe als K\u00fcnstleragentur sehen wir auf der einen Seite darin, unseren Kunden die notwendige Unterst\u00fctzung bei der Musik- und K\u00fcnstlerwahl auf ihrer Veranstaltung zu geben, auf der anderen Seite die Interessen der verschiedenen K\u00fcnstler und Bands angemessen zu vertreten. Die kompetente Abwicklung zwischen Veranstalter und K\u00fcnstler im Vorfeld eines Events, eine wichtige Aufgabe f\u00fcr den reibungslosen Ablauf einer Veranstaltung, hat f\u00fcr uns im Interesse aller h\u00f6chste Priorit\u00e4t. Hierf\u00fcr sind Zuverl\u00e4ssigkeit, Flexibilit\u00e4t, Engagement und nicht zuletzt das Vertrauen in eine gemeinsame und erfolgreiche Zusammenarbeit die Basis. Die erfolgreiche Umsetzung Ihrer Ideen und W\u00fcnsche ist unser klar definiertes Ziel!<\/p>\n<p>Egal ob Sie eine Gala, Stadtfest, open air, Hallenevent, Betriebs- oder Familienfest planen &#8211; hunderte von K\u00fcnstlern stehen mit ihrem umfangreichen Repertoire und unterschiedlichen Shows zur Auswahl!<\/p>\n<h2>Neue Wege in der K\u00fcnstlervermittlung<\/h2>\n<p>Um die Pr\u00e4sentation und Auswahl unserer K\u00fcnstler und Bands \u00fcbersichtlich und aussagekr\u00e4ftig zu gestalten, bieten wir auf unserem Portal H\u00f6rproben und Videos vieler Bands und eine \u201eMerkfunktion\u201c an. Die K\u00fcnstler k\u00f6nnen sich auf diese Weise angemessen und der Zeit entsprechend pr\u00e4sentieren und Sie haben die M\u00f6glichkeit, sich audiovisuell und umfassend \u00fcber unser gro\u00dfes Angebot und die Qualit\u00e4t unseres K\u00fcnstlerpools zu informieren.[\/vc_column_text][vc_empty_space][\/vc_column][\/vc_row][vc_row css_animation=&#8220;zoom-in&#8220; bg_color=&#8220;#f08300&#8243;][vc_column][vc_cta h2=&#8220;Haben wir Ihr Interesse geweckt?&#8220; txt_align=&#8220;center&#8220; add_button=&#8220;bottom&#8220; btn_title=&#8220;Portfolio durchsuchen&#8220; btn_i_icon_fontawesome=&#8220;fa fa-eye&#8220; custom_background=&#8220;#f08300&#8243; custom_text=&#8220;#474644&#8243; btn_link=&#8220;url:http%3A%2F%2Fmm.double-a-design.de%2Fwordpress%2Fkuenstler-brandaktuell%2F||&#8220; btn_add_icon=&#8220;true&#8220;]<\/p>\n<h3><span style=\"color: #474644;\">Dann st\u00f6bern Sie doch einmal in Ruhe in unserem Portfolio \u2013<br \/>\nwir sind uns sicher:<\/span><\/h3>\n<h3>Da ist auch f\u00fcr Sie und Ihre geplante Veranstaltung etwas dabei!<\/h3>\n<p>[\/vc_cta][\/vc_column][\/vc_row]<\/p>\n","protected":false},"excerpt":{"rendered":"<p>[vc_row][vc_column][vc_column_text] &#8222;mick and music&#8220; ist die Full-Service K\u00fcnstleragentur aus dem Norden f\u00fcr die B\u00fchnen in ganz Deutschland. Wir vermitteln Topacts, Coverbands und Solisten f\u00fcr jeden&hellip;<\/p>\n<p><a href=\"https:\/\/mickandmusic.de\/wordpress\/ueber-mick-and-music\/\" class=\"more-link post-excerpt-readmore\"><span class=\"more-link-inner\">Read more<\/span><span class=\"more-link-brd\"><\/span><\/a><\/p>\n","protected":false},"author":1,"featured_media":0,"parent":0,"menu_order":0,"comment_status":"closed","ping_status":"closed","template":"","meta":{"footnotes":""},"class_list":["post-375","page","type-page","status-publish","hentry"],"aioseo_notices":[],"_links":{"self":[{"href":"https:\/\/mickandmusic.de\/wordpress\/wp-json\/wp\/v2\/pages\/375","targetHints":{"allow":["GET"]}}],"collection":[{"href":"https:\/\/mickandmusic.de\/wordpress\/wp-json\/wp\/v2\/pages"}],"about":[{"href":"https:\/\/mickandmusic.de\/wordpress\/wp-json\/wp\/v2\/types\/page"}],"author":[{"embeddable":true,"href":"https:\/\/mickandmusic.de\/wordpress\/wp-json\/wp\/v2\/users\/1"}],"replies":[{"embeddable":true,"href":"https:\/\/mickandmusic.de\/wordpress\/wp-json\/wp\/v2\/comments?post=375"}],"version-history":[{"count":18,"href":"https:\/\/mickandmusic.de\/wordpress\/wp-json\/wp\/v2\/pages\/375\/revisions"}],"predecessor-version":[{"id":421,"href":"https:\/\/mickandmusic.de\/wordpress\/wp-json\/wp\/v2\/pages\/375\/revisions\/421"}],"wp:attachment":[{"href":"https:\/\/mickandmusic.de\/wordpress\/wp-json\/wp\/v2\/media?parent=375"}],"curies":[{"name":"wp","href":"https:\/\/api.w.org\/{rel}","templated":true}]}}